{"id":61,"date":"2013-03-25T17:22:03","date_gmt":"2013-03-25T16:22:03","guid":{"rendered":"http:\/\/familieloss.de\/Wordpress\/?page_id=61"},"modified":"2016-05-17T13:09:55","modified_gmt":"2016-05-17T12:09:55","slug":"unsere-tierischen-mitbewohner","status":"publish","type":"page","link":"https:\/\/familieloss.de\/?page_id=61","title":{"rendered":"Unsere tierischen Mitbewohner&#8230;"},"content":{"rendered":"<p>Seit 2008 ist uns das Leben zu zweit zu langweilig, weshalb uns unsere M\u00e4uschen Gesellschaft leisten.<\/p>\n<h2><strong style=\"font-size: 1.285714286rem; line-height: 1.6;\">Ziva<\/strong><\/h2>\n<p>Zierlich und klein leistet sie unserer Schreckmaus Gesellschaft. Sie ist neugierig und agil, aber insgesamt freut sie sich doch dar\u00fcber, nicht immer angefasst zu werden. Sie hat im Oktober 2013 nach Abbys Tod zwei wei\u00dfe Mitbewohnerinnen bekommen, die sie ganz sch\u00f6n auf Trapp halten.<\/p>\n<p><a href=\"https:\/\/familieloss.de\/wp-content\/uploads\/2013\/03\/DSC00129.jpg\"><img loading=\"lazy\" decoding=\"async\" class=\"aligncenter size-full wp-image-102\" alt=\"Ziva\" src=\"https:\/\/familieloss.de\/wp-content\/uploads\/2013\/03\/DSC00129.jpg\" width=\"600\" height=\"390\" srcset=\"https:\/\/familieloss.de\/wp-content\/uploads\/2013\/03\/DSC00129.jpg 600w, https:\/\/familieloss.de\/wp-content\/uploads\/2013\/03\/DSC00129-300x195.jpg 300w\" sizes=\"auto, (max-width: 600px) 100vw, 600px\" \/><\/a><\/p>\n<h2><span style=\"text-decoration: underline;\"><strong>Unsere Ehemaligen<\/strong><\/span><\/h2>\n<h3><em>Frida, Kay und Lieselotte<\/em><\/h3>\n<p>Unsere erste M\u00e4usegeneration hat uns doch recht lange erfreut. Sie waren sehr menschenlieb und haben oft mit uns gespielt oder gekuschelt&#8230;<\/p>\n<p><a href=\"https:\/\/familieloss.de\/wp-content\/uploads\/2013\/03\/DSC017492.jpg\"><img loading=\"lazy\" decoding=\"async\" class=\"aligncenter size-full wp-image-103\" alt=\"KayLiselotteFrieda\" src=\"https:\/\/familieloss.de\/wp-content\/uploads\/2013\/03\/DSC017492.jpg\" width=\"600\" height=\"392\" srcset=\"https:\/\/familieloss.de\/wp-content\/uploads\/2013\/03\/DSC017492.jpg 600w, https:\/\/familieloss.de\/wp-content\/uploads\/2013\/03\/DSC017492-300x196.jpg 300w\" sizes=\"auto, (max-width: 600px) 100vw, 600px\" \/><\/a><\/p>\n<h3><em>Lilly<\/em><\/h3>\n<p>Die Kleine mit den gro\u00dfen Augen ist leider nicht sehr alt geworden&#8230; Doch auch sie wird von uns vermisst!<\/p>\n<p><a href=\"https:\/\/familieloss.de\/wp-content\/uploads\/2013\/03\/DSC_0111-2.jpg\"><img loading=\"lazy\" decoding=\"async\" class=\"aligncenter size-full wp-image-100\" alt=\"Lilly\" src=\"https:\/\/familieloss.de\/wp-content\/uploads\/2013\/03\/DSC_0111-2.jpg\" width=\"600\" height=\"399\" srcset=\"https:\/\/familieloss.de\/wp-content\/uploads\/2013\/03\/DSC_0111-2.jpg 600w, https:\/\/familieloss.de\/wp-content\/uploads\/2013\/03\/DSC_0111-2-300x199.jpg 300w\" sizes=\"auto, (max-width: 600px) 100vw, 600px\" \/><\/a><\/p>\n<p>&nbsp;<\/p>\n<h2><strong>Abby<\/strong><\/h2>\n<p>Unser kleines schwarzes Ungeheuer wohnte seit 2011 bei uns und ist leicht schreckhaft. Das macht vor allem den monatlichen Hausputz bei den M\u00e4usen jedes Mal zu einem Abenteuer&#8230; Hat man Abby aber einmal gefangen, kann man im Auslauf sogar ein bisschen mit ihr spielen.<\/p>\n<p><a href=\"https:\/\/familieloss.de\/wp-content\/uploads\/2013\/03\/DSC00093.jpg\"><img loading=\"lazy\" decoding=\"async\" alt=\"Abby\" src=\"https:\/\/familieloss.de\/wp-content\/uploads\/2013\/03\/DSC00093.jpg\" width=\"600\" height=\"431\" \/><\/a><\/p>\n","protected":false},"excerpt":{"rendered":"<p>Seit 2008 ist uns das Leben zu zweit zu langweilig, weshalb uns unsere M\u00e4uschen Gesellschaft leisten. Ziva Zierlich und klein leistet sie unserer Schreckmaus Gesellschaft. Sie ist neugierig und agil, aber insgesamt freut sie sich doch dar\u00fcber, nicht immer angefasst zu werden. Sie hat im Oktober 2013 nach Abbys Tod zwei wei\u00dfe Mitbewohnerinnen bekommen, die [&hellip;]<\/p>\n","protected":false},"author":2,"featured_media":0,"parent":0,"menu_order":0,"comment_status":"closed","ping_status":"closed","template":"","meta":{"_stc_notifier_status":"","_stc_notifier_sent_time":"","_stc_notifier_request":false,"_stc_notifier_prevent":false,"_stc_subscriber_keywords":"","_stc_subscriber_search_areas":"","footnotes":""},"class_list":["post-61","page","type-page","status-publish","hentry"],"_links":{"self":[{"href":"https:\/\/familieloss.de\/index.php?rest_route=\/wp\/v2\/pages\/61","targetHints":{"allow":["GET"]}}],"collection":[{"href":"https:\/\/familieloss.de\/index.php?rest_route=\/wp\/v2\/pages"}],"about":[{"href":"https:\/\/familieloss.de\/index.php?rest_route=\/wp\/v2\/types\/page"}],"author":[{"embeddable":true,"href":"https:\/\/familieloss.de\/index.php?rest_route=\/wp\/v2\/users\/2"}],"replies":[{"embeddable":true,"href":"https:\/\/familieloss.de\/index.php?rest_route=%2Fwp%2Fv2%2Fcomments&post=61"}],"version-history":[{"count":8,"href":"https:\/\/familieloss.de\/index.php?rest_route=\/wp\/v2\/pages\/61\/revisions"}],"predecessor-version":[{"id":425,"href":"https:\/\/familieloss.de\/index.php?rest_route=\/wp\/v2\/pages\/61\/revisions\/425"}],"wp:attachment":[{"href":"https:\/\/familieloss.de\/index.php?rest_route=%2Fwp%2Fv2%2Fmedia&parent=61"}],"curies":[{"name":"wp","href":"https:\/\/api.w.org\/{rel}","templated":true}]}}