{"id":12,"date":"2013-02-14T16:14:52","date_gmt":"2013-02-14T15:14:52","guid":{"rendered":"http:\/\/familieloss.de\/Wordpress\/?page_id=12"},"modified":"2013-04-06T20:21:44","modified_gmt":"2013-04-06T19:21:44","slug":"uber-uns","status":"publish","type":"page","link":"https:\/\/familieloss.de\/?page_id=12","title":{"rendered":"Das sind wir"},"content":{"rendered":"<h2><\/h2>\n<h2>Sarah&#8230;<\/h2>\n<p style=\"text-align: justify;\"><img loading=\"lazy\" decoding=\"async\" class=\"size-full wp-image-13 alignright\" alt=\"about_sarah\" src=\"https:\/\/familieloss.de\/wp-content\/uploads\/2013\/02\/about_sarah.jpg\" width=\"210\" height=\"180\" \/><br \/>\n&#8230; wurde am 12.Februar 1987 in einer der sch\u00f6nsten St\u00e4dte Th\u00fcringens, in Sondershausen, geboren. Nach der Schule ist sie im Oktober nach Leipzig umgezogen, um Lehramt an F\u00f6rderschulen zu studieren. Nach zwei Jahren Referendariat ist sie nun eine echte Lehrerin.<\/p>\n<h2>Martin&#8230;<\/h2>\n<p style=\"text-align: justify;\"><img loading=\"lazy\" decoding=\"async\" class=\"size-medium wp-image-15 alignleft\" alt=\"about_martin\" src=\"https:\/\/familieloss.de\/wp-content\/uploads\/2013\/02\/about_martin.jpg\" width=\"152\" height=\"180\" \/><br \/>\n&#8230; bahnte sich am Tag der Arbeit, am 1.Mai 1987, den Weg ans Tageslicht und wuchs im sch\u00f6nen Torgau auf (was nebenbei bemerkt die viel tollere Innenstadt hat ;)). Auch er kam nach der Schule gleich nach Leipzig. Allerdings hat er erst mal ein paar Semester Wirtschaftsinformatik vor sich hin studiert, bis er dann seine Berufung an der BA Leipzig gefunden hat: Informatik! Und ja, auch er war erfolgreich&#8230;<\/p>\n<h2><\/h2>\n<h2>Wir&#8230;<\/h2>\n<p style=\"text-align: justify;\"><img loading=\"lazy\" decoding=\"async\" class=\"size-medium wp-image-14 alignright\" alt=\"about_wir\" src=\"https:\/\/familieloss.de\/wp-content\/uploads\/2013\/02\/about_wir.jpg\" width=\"204\" height=\"250\" \/><br \/>\n&#8230; haben uns im Oktober 2006 \u00fcbers StudiVZ kennengelernt. Lange hat Martin nicht gebraucht, um Sarah von der erfolgreichen Zweisamkeit zu \u00fcberzeugen und so nahm die Geschichte ihren Lauf. Seit 2010 sind wir gl\u00fccklich verheiratet.<\/p>\n","protected":false},"excerpt":{"rendered":"<p>Sarah&#8230; &#8230; wurde am 12.Februar 1987 in einer der sch\u00f6nsten St\u00e4dte Th\u00fcringens, in Sondershausen, geboren. Nach der Schule ist sie im Oktober nach Leipzig umgezogen, um Lehramt an F\u00f6rderschulen zu studieren. Nach zwei Jahren Referendariat ist sie nun eine echte Lehrerin. Martin&#8230; &#8230; bahnte sich am Tag der Arbeit, am 1.Mai 1987, den Weg ans [&hellip;]<\/p>\n","protected":false},"author":13,"featured_media":0,"parent":0,"menu_order":0,"comment_status":"closed","ping_status":"closed","template":"","meta":{"_stc_notifier_status":"","_stc_notifier_sent_time":"","_stc_notifier_request":false,"_stc_notifier_prevent":false,"_stc_subscriber_keywords":"","_stc_subscriber_search_areas":"","footnotes":""},"class_list":["post-12","page","type-page","status-publish","hentry"],"_links":{"self":[{"href":"https:\/\/familieloss.de\/index.php?rest_route=\/wp\/v2\/pages\/12","targetHints":{"allow":["GET"]}}],"collection":[{"href":"https:\/\/familieloss.de\/index.php?rest_route=\/wp\/v2\/pages"}],"about":[{"href":"https:\/\/familieloss.de\/index.php?rest_route=\/wp\/v2\/types\/page"}],"author":[{"embeddable":true,"href":"https:\/\/familieloss.de\/index.php?rest_route=\/wp\/v2\/users\/13"}],"replies":[{"embeddable":true,"href":"https:\/\/familieloss.de\/index.php?rest_route=%2Fwp%2Fv2%2Fcomments&post=12"}],"version-history":[{"count":15,"href":"https:\/\/familieloss.de\/index.php?rest_route=\/wp\/v2\/pages\/12\/revisions"}],"predecessor-version":[{"id":140,"href":"https:\/\/familieloss.de\/index.php?rest_route=\/wp\/v2\/pages\/12\/revisions\/140"}],"wp:attachment":[{"href":"https:\/\/familieloss.de\/index.php?rest_route=%2Fwp%2Fv2%2Fmedia&parent=12"}],"curies":[{"name":"wp","href":"https:\/\/api.w.org\/{rel}","templated":true}]}}