{"id":10,"date":"2013-02-14T15:31:06","date_gmt":"2013-02-14T14:31:06","guid":{"rendered":"http:\/\/familieloss.de\/Wordpress\/?page_id=10"},"modified":"2013-04-06T20:21:35","modified_gmt":"2013-04-06T19:21:35","slug":"willkommen","status":"publish","type":"page","link":"https:\/\/familieloss.de\/","title":{"rendered":"Willkommen"},"content":{"rendered":"<p style=\"text-align: center;\">Das hier ist die Website der Familie Lo\u00df.<\/p>\n<p style=\"text-align: center;\"><a href=\"https:\/\/familieloss.de\/wp-content\/uploads\/2013\/02\/wir_startseite.jpg\"><img loading=\"lazy\" decoding=\"async\" class=\"size-full wp-image-97 aligncenter\" alt=\"wir_startseite\" src=\"https:\/\/familieloss.de\/wp-content\/uploads\/2013\/02\/wir_startseite.jpg\" width=\"500\" height=\"333\" srcset=\"https:\/\/familieloss.de\/wp-content\/uploads\/2013\/02\/wir_startseite.jpg 500w, https:\/\/familieloss.de\/wp-content\/uploads\/2013\/02\/wir_startseite-300x199.jpg 300w\" sizes=\"auto, (max-width: 500px) 100vw, 500px\" \/><\/a><\/p>\n<p>Wir freuen uns, dass du den Weg zu uns gefunden hast und w\u00fcnschen viel Spa\u00df beim St\u00f6bern&#8230;<\/p>\n","protected":false},"excerpt":{"rendered":"<p>Das hier ist die Website der Familie Lo\u00df. Wir freuen uns, dass du den Weg zu uns gefunden hast und w\u00fcnschen viel Spa\u00df beim St\u00f6bern&#8230;<\/p>\n","protected":false},"author":13,"featured_media":0,"parent":0,"menu_order":0,"comment_status":"closed","ping_status":"closed","template":"","meta":{"_stc_notifier_status":"","_stc_notifier_sent_time":"","_stc_notifier_request":false,"_stc_notifier_prevent":false,"_stc_subscriber_keywords":"","_stc_subscriber_search_areas":"","footnotes":""},"class_list":["post-10","page","type-page","status-publish","hentry"],"_links":{"self":[{"href":"https:\/\/familieloss.de\/index.php?rest_route=\/wp\/v2\/pages\/10","targetHints":{"allow":["GET"]}}],"collection":[{"href":"https:\/\/familieloss.de\/index.php?rest_route=\/wp\/v2\/pages"}],"about":[{"href":"https:\/\/familieloss.de\/index.php?rest_route=\/wp\/v2\/types\/page"}],"author":[{"embeddable":true,"href":"https:\/\/familieloss.de\/index.php?rest_route=\/wp\/v2\/users\/13"}],"replies":[{"embeddable":true,"href":"https:\/\/familieloss.de\/index.php?rest_route=%2Fwp%2Fv2%2Fcomments&post=10"}],"version-history":[{"count":7,"href":"https:\/\/familieloss.de\/index.php?rest_route=\/wp\/v2\/pages\/10\/revisions"}],"predecessor-version":[{"id":139,"href":"https:\/\/familieloss.de\/index.php?rest_route=\/wp\/v2\/pages\/10\/revisions\/139"}],"wp:attachment":[{"href":"https:\/\/familieloss.de\/index.php?rest_route=%2Fwp%2Fv2%2Fmedia&parent=10"}],"curies":[{"name":"wp","href":"https:\/\/api.w.org\/{rel}","templated":true}]}}